{"id":1960,"date":"2025-06-05T16:53:06","date_gmt":"2025-06-05T09:53:06","guid":{"rendered":"https:\/\/tzegroup.com.vn\/?post_type=product&#038;p=1960"},"modified":"2025-06-05T16:59:38","modified_gmt":"2025-06-05T09:59:38","slug":"tbs103tbgcuc1-set-of-usbtype-cgrounding-duplex-universal-receptacle-with-safety-shutter","status":"publish","type":"product","link":"https:\/\/tzegroup.com.vn\/en\/san-pham\/tbs103-tbgcuc1-set-of-usb-type-c-grounding-duplex-universal-receptacle-with-safety-shutter\/","title":{"rendered":"TBS103+TBGCUC1 &#8211; SET OF USB+TYPE C+GROUNDING DUPLEX UNIVERSAL RECEPTACLE WITH SAFETY SHUTTER"},"content":{"rendered":"<table style=\"border-collapse: collapse; width: 54.3802%;\">\n<tbody>\n<tr>\n<td style=\"width: 25.4362%;\">Model:<\/td>\n<td style=\"width: 35.7214%;\">TBS103+TGCUC1<\/td>\n<\/tr>\n<tr>\n<td style=\"width: 25.4362%;\">Brand:<\/td>\n<td style=\"width: 35.7214%;\">TAIZHI<\/td>\n<\/tr>\n<\/tbody>\n<\/table>\n","protected":false},"excerpt":{"rendered":"<p>B\u1ed9 \u1ed5 c\u1eafm+type C+USB TBS103+TGCUC1 an to\u00e0n, \u0111a n\u0103ng. Mang \u0111\u1ebfn hi\u1ec7u qu\u1ea3 cao cho cu\u1ed9c s\u1ed1ng.<\/p>\n","protected":false},"featured_media":1965,"comment_status":"open","ping_status":"closed","template":"","meta":{"_acf_changed":false,"rank_math_lock_modified_date":false,"inline_featured_image":false},"product_cat":[102],"product_tag":[],"class_list":{"0":"post-1960","1":"product","2":"type-product","3":"status-publish","4":"has-post-thumbnail","6":"product_cat-socket","8":"first","9":"instock","10":"sale","11":"shipping-taxable","12":"purchasable","13":"product-type-simple"},"acf":[],"_links":{"self":[{"href":"https:\/\/tzegroup.com.vn\/en\/wp-json\/wp\/v2\/product\/1960"}],"collection":[{"href":"https:\/\/tzegroup.com.vn\/en\/wp-json\/wp\/v2\/product"}],"about":[{"href":"https:\/\/tzegroup.com.vn\/en\/wp-json\/wp\/v2\/types\/product"}],"replies":[{"embeddable":true,"href":"https:\/\/tzegroup.com.vn\/en\/wp-json\/wp\/v2\/comments?post=1960"}],"wp:featuredmedia":[{"embeddable":true,"href":"https:\/\/tzegroup.com.vn\/en\/wp-json\/wp\/v2\/media\/1965"}],"wp:attachment":[{"href":"https:\/\/tzegroup.com.vn\/en\/wp-json\/wp\/v2\/media?parent=1960"}],"wp:term":[{"taxonomy":"product_cat","embeddable":true,"href":"https:\/\/tzegroup.com.vn\/en\/wp-json\/wp\/v2\/product_cat?post=1960"},{"taxonomy":"product_tag","embeddable":true,"href":"https:\/\/tzegroup.com.vn\/en\/wp-json\/wp\/v2\/product_tag?post=1960"}],"curies":[{"name":"wp","href":"https:\/\/api.w.org\/{rel}","templated":true}]}}