{"id":1955,"date":"2025-06-05T14:24:51","date_gmt":"2025-06-05T07:24:51","guid":{"rendered":"https:\/\/tzegroup.com.vn\/?post_type=product&#038;p=1955"},"modified":"2025-06-05T14:25:29","modified_gmt":"2025-06-05T07:25:29","slug":"tz-e27-lamp-holder","status":"publish","type":"product","link":"https:\/\/tzegroup.com.vn\/en\/san-pham\/tz-e27-lamp-holder\/","title":{"rendered":"TZ-E27 &#8211; LAMP HOLDER"},"content":{"rendered":"<table style=\"width: 40.0156%; height: 52px;\" height=\"130\">\n<tbody>\n<tr style=\"height: 48px;\">\n<td style=\"width: 59.228%; height: 27px;\">Model:<\/td>\n<td style=\"width: 153.816%; height: 27px;\">TZ-E27<\/td>\n<\/tr>\n<tr style=\"height: 43px;\">\n<td style=\"width: 59.228%; height: 25px;\">Brand:<\/td>\n<td style=\"width: 153.816%; height: 25px;\">TAIZHI<\/td>\n<\/tr>\n<\/tbody>\n<\/table>\n","protected":false},"excerpt":{"rendered":"<p>\u0110ui \u0111\u00e8n TZ-E27 thi\u1ebft k\u1ebf \u0111\u1eb7c bi\u1ec7t v\u1edbi hai c\u00e1ch s\u1eed d\u1ee5ng: c\u00f3 th\u1ec3 s\u1eed d\u1ee5ng l\u00e0m m\u00e1ng \u0111\u00e8n ho\u1eb7c s\u1eed d\u1ee5ng l\u00e0m ch\u00f3a \u0111\u00e8n<\/p>\n","protected":false},"featured_media":1570,"comment_status":"open","ping_status":"closed","template":"","meta":{"_acf_changed":false,"rank_math_lock_modified_date":false,"inline_featured_image":false},"product_cat":[93],"product_tag":[],"class_list":{"0":"post-1955","1":"product","2":"type-product","3":"status-publish","4":"has-post-thumbnail","6":"product_cat-other-accessories","8":"first","9":"instock","10":"shipping-taxable","11":"purchasable","12":"product-type-simple"},"acf":[],"_links":{"self":[{"href":"https:\/\/tzegroup.com.vn\/en\/wp-json\/wp\/v2\/product\/1955"}],"collection":[{"href":"https:\/\/tzegroup.com.vn\/en\/wp-json\/wp\/v2\/product"}],"about":[{"href":"https:\/\/tzegroup.com.vn\/en\/wp-json\/wp\/v2\/types\/product"}],"replies":[{"embeddable":true,"href":"https:\/\/tzegroup.com.vn\/en\/wp-json\/wp\/v2\/comments?post=1955"}],"wp:featuredmedia":[{"embeddable":true,"href":"https:\/\/tzegroup.com.vn\/en\/wp-json\/wp\/v2\/media\/1570"}],"wp:attachment":[{"href":"https:\/\/tzegroup.com.vn\/en\/wp-json\/wp\/v2\/media?parent=1955"}],"wp:term":[{"taxonomy":"product_cat","embeddable":true,"href":"https:\/\/tzegroup.com.vn\/en\/wp-json\/wp\/v2\/product_cat?post=1955"},{"taxonomy":"product_tag","embeddable":true,"href":"https:\/\/tzegroup.com.vn\/en\/wp-json\/wp\/v2\/product_tag?post=1955"}],"curies":[{"name":"wp","href":"https:\/\/api.w.org\/{rel}","templated":true}]}}