{"id":1900,"date":"2025-03-20T10:56:16","date_gmt":"2025-03-20T03:56:16","guid":{"rendered":"https:\/\/tzegroup.com.vn\/?post_type=product&#038;p=1900"},"modified":"2025-06-03T08:39:07","modified_gmt":"2025-06-03T01:39:07","slug":"tfg170-ventilation-fan-2","status":"publish","type":"product","link":"https:\/\/tzegroup.com.vn\/en\/san-pham\/tfg170-ventilation-fan\/","title":{"rendered":"TFG170 &#8211; VENTILATION FAN"},"content":{"rendered":"<p>&nbsp;<\/p>\n<table style=\"width: 40.0156%; height: 52px;\" height=\"130\">\n<tbody>\n<tr style=\"height: 48px;\">\n<td style=\"width: 59.228%; height: 27px;\">Model:<\/td>\n<td style=\"width: 153.816%; height: 27px;\">TFG170<\/td>\n<\/tr>\n<tr style=\"height: 43px;\">\n<td style=\"width: 59.228%; height: 25px;\">Brand:<\/td>\n<td style=\"width: 153.816%; height: 25px;\">TAIZHI<\/td>\n<\/tr>\n<\/tbody>\n<\/table>\n","protected":false},"excerpt":{"rendered":"<p>Qu\u1ea1t h\u00fat \u00e2m tr\u1ea7n TFG170 gi\u00fap gi\u1ea3i quy\u1ebft c\u00e1c v\u1ea5n \u0111\u1ec1 h\u01a1i \u1ea9m, h\u01a1i n\u00f3ng, m\u00f9i h\u00f4i.<\/p>\n","protected":false},"featured_media":1558,"comment_status":"open","ping_status":"closed","template":"","meta":{"_acf_changed":false,"rank_math_lock_modified_date":false,"inline_featured_image":false},"product_cat":[89],"product_tag":[],"class_list":{"0":"post-1900","1":"product","2":"type-product","3":"status-publish","4":"has-post-thumbnail","6":"product_cat-ventilation-fan","8":"first","9":"instock","10":"shipping-taxable","11":"purchasable","12":"product-type-simple"},"acf":[],"_links":{"self":[{"href":"https:\/\/tzegroup.com.vn\/en\/wp-json\/wp\/v2\/product\/1900"}],"collection":[{"href":"https:\/\/tzegroup.com.vn\/en\/wp-json\/wp\/v2\/product"}],"about":[{"href":"https:\/\/tzegroup.com.vn\/en\/wp-json\/wp\/v2\/types\/product"}],"replies":[{"embeddable":true,"href":"https:\/\/tzegroup.com.vn\/en\/wp-json\/wp\/v2\/comments?post=1900"}],"wp:featuredmedia":[{"embeddable":true,"href":"https:\/\/tzegroup.com.vn\/en\/wp-json\/wp\/v2\/media\/1558"}],"wp:attachment":[{"href":"https:\/\/tzegroup.com.vn\/en\/wp-json\/wp\/v2\/media?parent=1900"}],"wp:term":[{"taxonomy":"product_cat","embeddable":true,"href":"https:\/\/tzegroup.com.vn\/en\/wp-json\/wp\/v2\/product_cat?post=1900"},{"taxonomy":"product_tag","embeddable":true,"href":"https:\/\/tzegroup.com.vn\/en\/wp-json\/wp\/v2\/product_tag?post=1900"}],"curies":[{"name":"wp","href":"https:\/\/api.w.org\/{rel}","templated":true}]}}